{"id":1041,"date":"2017-03-13T09:31:26","date_gmt":"2017-03-13T08:31:26","guid":{"rendered":"https:\/\/xp-cosmetics.gr\/leistungen-preise\/"},"modified":"2024-10-06T12:14:47","modified_gmt":"2024-10-06T10:14:47","slug":"leistungen-preise","status":"publish","type":"page","link":"https:\/\/xp-cosmetics.gr\/el\/leistungen-preise\/","title":{"rendered":"Leistungen  Preise"},"content":{"rendered":"<div  style='padding-bottom:10px; ' class='av-special-heading av-special-heading-h1  blockquote modern-quote modern-centered  avia-builder-el-0  el_before_av_section  avia-builder-el-no-sibling  '><h1 class='av-special-heading-tag '  itemprop=\"headline\"  >Behandlungen<\/h1><div class='special-heading-border'><div class='special-heading-inner-border' ><\/div><\/div><\/div>\n<\/div><\/div><\/div><!-- close content main div --><\/div><\/div><div id='av_section_1'  class='avia-section main_color avia-section-default avia-no-shadow  avia-full-stretch av-section-color-overlay-active avia-bg-style-scroll  avia-builder-el-1  el_after_av_heading  el_before_av_section   av-minimum-height av-minimum-height-100  container_wrap fullsize' style='background-repeat: no-repeat; background-image: url(https:\/\/xp-cosmetics.gr\/wp-content\/uploads\/2017\/03\/XP-Cosmetics.jpg);background-attachment: scroll; background-position: top left;  '  data-section-bg-repeat='stretch' data-av_minimum_height_pc='100'><div class='av-section-color-overlay-wrap'><div class='av-section-color-overlay' style='opacity: 0.3; background-color: #777777; '><\/div><div class='container' ><div class='template-page content  av-content-full alpha units'><div class='post-entry post-entry-type-page post-entry-1041'><div class='entry-content-wrapper clearfix'>\n<div class=\"flex_column av_one_full  flex_column_div av-zero-column-padding first  avia-builder-el-2  avia-builder-el-no-sibling  \" style='border-radius:0px; '><p><div  class='avia-button-wrap avia-button-center  avia-builder-el-3  el_before_av_button  avia-builder-el-first ' ><a href=''  class='avia-button av-icon-on-hover  avia-icon_select-yes-left-icon avia-color-theme-color avia-size-small avia-position-center '   ><span class='avia_button_icon avia_button_icon_left ' aria-hidden='true' data-av_icon='\ue83e' data-av_iconfont='entypo-fontello'><\/span><span class='avia_iconbox_title' >Behandlungen werden keine mehr durchgef\u00fchrt!<\/span><\/a><\/div><br \/>\n<div  class='avia-button-wrap avia-button-center  avia-builder-el-4  el_after_av_button  avia-builder-el-last ' ><a href='https:\/\/xp-cosmetics.gr\/wp-content\/uploads\/2019\/03\/XPBrosch\u00fcre148x148cm-1.pdf' class='avia-button av-icon-on-hover  avia-icon_select-yes-left-icon avia-color-theme-color avia-size-medium avia-position-center ' target=\"_blank\" rel=\"noopener\"><span class='avia_button_icon avia_button_icon_left ' aria-hidden='true' data-av_icon='\ue832' data-av_iconfont='entypo-fontello'><\/span><span class='avia_iconbox_title' >Preisliste als PDF<\/span><\/a><\/div><\/p><\/div>\n\n<\/div><\/div><\/div><!-- close content main div --><\/div><\/div><\/div><div id='workshop'  class='avia-section main_color avia-section-default avia-no-shadow  avia-bg-style-scroll  avia-builder-el-5  el_after_av_section  el_before_av_section   container_wrap fullsize' style=' '  ><div class='container' ><div class='template-page content  av-content-full alpha units'><div class='post-entry post-entry-type-page post-entry-1041'><div class='entry-content-wrapper clearfix'>\n<div class=\"flex_column av_one_full  flex_column_div av-zero-column-padding first  avia-builder-el-6  avia-builder-el-no-sibling  \" style='border-radius:0px; '><section class=\"av_textblock_section \"  itemscope=\"itemscope\" itemtype=\"https:\/\/schema.org\/CreativeWork\" ><div class='avia_textblock  '   itemprop=\"text\" ><h2 style=\"text-align: left;\">Make-Up Workshops<\/h2>\n<p><strong>Basic Make-up Workshop<\/strong><\/p>\n<p>Werde dein eigener Schminkprofi im Basic Make-up Workshop! Lerne in kleiner Runde von maximal 4 TeilnehmerInnen alles, was du schon immer zum Thema Make-up, typgerechtem Styling und Selbst-Schminken wissen wolltest. Hol dir Tipps und Tricks ab zu Foundation, Concealer, Augenbrauen, Lidschatten, Eyeliner, Rouge und Lippen\u2026 und das angesagte CONTOURING!<\/p>\n<p><strong>Details:<\/strong><\/p>\n<ul>\n<li>Workshop zu Grundlagen rund ums Thema Make-up<\/li>\n<li>Beratung zu typgerechtem und stilvollen Styling<\/li>\n<li>Auftragen von Make-up und Konturierung des Gesichts<\/li>\n<li>Betonung von Augen, Augenbrauen und Mund<\/li>\n<\/ul>\n<p><strong>Dauer:<\/strong> Bis zu 3 h Preis: 99\u20ac pro Person<\/p>\n<p><strong>Zusatzinformationen<\/strong><br \/>\nIn unserem Basic Make-up Workshop zeigen wir dir, wie du typgerechte Make-ups einfach zuhause nachmachen kannst. Bitte bringe deine eigenen Pflege- und Make-up Produkte mit, damit wir dich davon ausgehend beraten k\u00f6nnen. Nat\u00fcrlich kannst du auch unsere Produkte verwenden und einkaufen. Die Workshop Leitung \u00fcbernehmen professionelle Make-up- &amp; Hair-Artists, die sich freuen ihr Wissen an dich weiterzugeben! Je nach Gruppengr\u00f6\u00dfe solltest du bis zu 3 Stunden Zeit einplanen. Den Workshop kannst du auch als Gutschein zum Verschenken kaufen. Zu deinem Termin reichen wir dir gerne erfrischende Getr\u00e4nke und s\u00fc\u00dfe Kleinigkeiten.<\/p>\n<\/div><\/section><\/div>\n\n<\/div><\/div><\/div><!-- close content main div --><\/div><\/div><div id='events'  class='avia-section main_color avia-section-default avia-no-shadow  avia-bg-style-scroll  avia-builder-el-8  el_after_av_section  el_before_av_section   container_wrap fullsize' style=' '  ><div class='container' ><div class='template-page content  av-content-full alpha units'><div class='post-entry post-entry-type-page post-entry-1041'><div class='entry-content-wrapper clearfix'>\n<div class=\"flex_column av_one_full  flex_column_div av-zero-column-padding first  avia-builder-el-9  avia-builder-el-no-sibling  \" style='border-radius:0px; '><section class=\"av_textblock_section \"  itemscope=\"itemscope\" itemtype=\"https:\/\/schema.org\/CreativeWork\" ><div class='avia_textblock  '   itemprop=\"text\" ><h2>Events<\/h2>\n<p><strong>Junggesellinnenabend<\/strong><\/p>\n<p><strong>Feiere Deinen M\u00e4delsabend (Geburtstag, Jungesellinnenabschied etc.)<\/strong><\/p>\n<p>Die Sch\u00f6nheit im Mittelpunkt<br \/>\nEiner der wichtigsten Tage im Leben steht bevor. Dazu muss man sich entsprechend her richten, um ein perfektes Hochzeitspaar abzugeben.<\/p>\n<p>Die Hochzeitsvorbereitungen sind f\u00fcr das angehende Paar oft ein gro\u00dfer Stressfaktor, daher ist beim Wellnessprogramm am Junggesellinnenabschied nochmal richtig Entspannung angesagt<\/p>\n<p><strong>WELLNESS-BEAUTY OASE<\/strong><br \/>\nWir bieten Euch ein ganz besonders sch\u00f6nes Highlight. Ihr m\u00f6chtet keine wilde Party als Junggesellinnenabschied f\u00fcr Eure Freundin? Keine wilden Kneipentouren? Kein Gedr\u00e4ngel in der Disco? Keine durchzechte Nacht mit Filmriss?<br \/>\nDer letzte Abend in Freiheit soll ruhig verlaufen, bevor die Herausforderung \u201eEhe\u201c anf\u00e4ngt? Die Braut soll sich vor der Hochzeit noch einmal richtig verw\u00f6hnen lassen und einen unvergesslichen Abend mit Ihren Freundinnen verbringen? Dann wird Euch dieses Angebot begeistern!<br \/>\nWir organisieren nur f\u00fcr euch ein komplettes Beauty Institut, in dem Ihr mit der Braut die Vorz\u00fcge jeglicher Wellnessbehandlungen auskosten k\u00f6nnt: Gesichtsbehandlungen, Make-Up und Hair Styling, Massage, Manik\u00fcre oder Pedik\u00fcre und dazu Sekt und Knabbereien!<\/p>\n<p>Deine Freundin heiratet und du bist bei der Planung des perfekt gelungenen Junggesellinnenabschieds? Dann bist du hier genau richtig: Buche exklusiv unser Beauty-Institut \u2013 das du nach Wunsch auch gerne dekorieren kannst. Wir stylen dich, die Braut und alle Freundinnen f\u00fcr den weiteren Abend. Wir freuen uns auf deine Anfrage!<\/p>\n<p>Feiere deinen Junggesellinnenabschied im XP.COSMETICS INSTITUT! Bei uns k\u00f6nnt ihr euch als Gruppe von mindestens 8 Personen bis zu 14 Personen schminken, frisieren und rundum verw\u00f6hnen lassen, dabei Sekt schl\u00fcrfen und euch auf den weiteren Abend einstimmen. Das Abspielen von Musik per Bluetooth oder Stick ist m\u00f6glich, bringt gerne eine eigene Playlist mit.<\/p>\n<p><strong>Details:<\/strong><\/p>\n<p>Hair &amp; Make-up vom Profi mit unseren hochwertigen Produkten<br \/>\nexklusive Bereitstellung des XP.COSMETICS Instituts, inkl. 1 Glas Sekt und kleinen Knabbereien.<br \/>\nwahlweise eine entspannende Pedik\u00fcre, Manik\u00fcre (normale Manik\u00fcre mit Lack oder auch einer Shellac UV Manik\u00fcre) erhalten, eure Augenbrauen und Wimpern f\u00e4rben lassen oder im Wellness-Bereich bei einer kleinen Gesichtsbehandlung relaxen. Nat\u00fcrlich k\u00f6nnt ihr auch bei einer Ganzk\u00f6rper Massage abtauchen. Ganz wie ihr wollt und Lust habt.<\/p>\n<p>Dauer: 4 h Preis: 89\u20ac pro Person<\/p>\n<p><strong>Zusatzinformationen<\/strong><\/p>\n<p>F\u00fcr die Reinigung und Pflege werden ausschlie\u00dflich Produkte aus der Naturkosmetik von Dr. Belter verwendet. Als Make-up verwenden wir hochwertige Produkte namhafter Hersteller. Das Institut k\u00f6nnt ihr f\u00fcr den JGA nach euren W\u00fcnschen dekorieren. Gerne organisieren wir euch einen Fotografen, der euren Abend dokumentiert. Auf Wunsch k\u00f6nnen wir f\u00fcr euch eine oder zwei Limousinen (je bis 8 Personen) zum Abholen g\u00fcnstiger buchen. Gegen Aufpreis l\u00e4sst sich der Junggesellinnenabschied um leckere Snacks, Cupcakes, Getr\u00e4nke oder H\u00e4ppchen von unseren Catering-Partnern erg\u00e4nzen.<\/p>\n<p>Ansonsten: Wir sind offen f\u00fcr jegliche W\u00fcnsche und Anregungen! Den Junggesellinnenabschied kannst du auch als Gutschein zum Verschenken kaufen!<\/p>\n<p><strong>Massagen<\/strong><\/p>\n<p>Eine Massage hilft Verspannungen zu lockern und zu l\u00f6sen. In Kombination mit wohlriechenden Massage\u00f6len kann der Gast abschalten und sich verw\u00f6hnen lassen.<\/p>\n<p><strong>Manik\u00fcre<\/strong><\/p>\n<p>Um am Tag der Hochzeit perfekt auf das Wechseln der Ringe vorbereitet zu sein, empfiehlt sich eine Manik\u00fcre.<\/p>\n<p><strong>Pedik\u00fcre<\/strong><\/p>\n<p>Auch die F\u00fc\u00dfe sollten in der Hochzeitsnacht gepflegt sein. Bei der Pedik\u00fcre werden Verhornungen abgetragen, die Fu\u00dfn\u00e4gel geschnitten und sch\u00f6n gemacht.<\/p>\n<p><strong>Peeling<\/strong><\/p>\n<p>Beim Peeling werden oberfl\u00e4chliche Schichten der Haut abgetragen. Nach der reinigenden Behandlung wird die Haut noch mit Cremes verw\u00f6hnt.<\/p>\n<p><strong>Gesichtsmasken<\/strong><\/p>\n<p>Gesichtsmasken erfrischen und Gl\u00e4tten die Haut. Je nach Typ werden die Gesichtsmasken auf Sie abgestimmt.<\/p>\n<p><strong>Styling<\/strong><\/p>\n<p>Die Wahl der passenden Farbt\u00f6ne sollte auf das Gesamtbild abgestimmt sein. Vor dem Styling wird die Haut gereinigt und dann kann\u2019s auch schon losgehen. Augen, Augenbrauen, Lippen und Wangen werden ansprechend in Szene gesetzt und betonen die nat\u00fcrliche Sch\u00f6nheit.<\/p>\n<\/div><\/section><\/div>\n\n<\/div><\/div><\/div><!-- close content main div --><\/div><\/div><div id='microneedling'  class='avia-section main_color avia-section-default avia-no-shadow  avia-bg-style-scroll  avia-builder-el-11  el_after_av_section  el_before_av_one_half   container_wrap fullsize' style=' '  ><div class='container' ><div class='template-page content  av-content-full alpha units'><div class='post-entry post-entry-type-page post-entry-1041'><div class='entry-content-wrapper clearfix'>\n<div class=\"flex_column av_one_full  flex_column_div av-zero-column-padding first  avia-builder-el-12  avia-builder-el-no-sibling  \" style='border-radius:0px; '><section class=\"av_textblock_section \"  itemscope=\"itemscope\" itemtype=\"https:\/\/schema.org\/CreativeWork\" ><div class='avia_textblock  '   itemprop=\"text\" ><h2 class=\"title style-scope ytd-video-primary-info-renderer\" style=\"text-align: center;\">MICRONEEDLING \/ MESO &#8211; IONTO-COMED\u00ae<\/h2>\n<p style=\"text-align: center;\"><iframe loading=\"lazy\" src=\"https:\/\/xp-cosmetics.gr\/wp-content\/uploads\/2022\/10\/MICRONEEDLING-MESO-IONTO-COMED.mp4?autoplay=1\" width=\"560\" height=\"315\" frameborder=\"0\" allowfullscreen=\"allowfullscreen\"><\/iframe><\/p>\n<\/div><\/section><\/div><\/div><\/div><\/div><!-- close content main div --><\/div><\/div><div id='after_section_4'  class='main_color av_default_container_wrap container_wrap fullsize' style=' '  ><div class='container' ><div class='template-page content  av-content-full alpha units'><div class='post-entry post-entry-type-page post-entry-1041'><div class='entry-content-wrapper clearfix'><div class=\"flex_column av_one_half  flex_column_div av-zero-column-padding first  avia-builder-el-14  el_after_av_section  el_before_av_one_half  avia-builder-el-first  \" style='border-radius:0px; '><section class=\"av_textblock_section \"  itemscope=\"itemscope\" itemtype=\"https:\/\/schema.org\/CreativeWork\" ><div class='avia_textblock  '   itemprop=\"text\" ><h3 style=\"text-align: center;\">Wir bieten ebenso an: Braut- und Abend Make Up.<\/h3>\n<p style=\"text-align: center;\"><em><strong>An Ihren besonderen Tag m\u00f6chten Sie das f\u00fcr Sie optimale Make-up kreiert bekommen? <\/strong><\/em><\/p>\n<p style=\"text-align: center;\">Unsere Make up Artist f\u00fchrt bei Ihnen die perfekte Verwandlubg durch. Bei Hochzeiten kann das Profi Make Up bei Bedarf auch in Ihren R\u00e4umlichkeiten erfolgen. F\u00fcr Termine &amp; Beratungen melden Sie sich hierzu gern auch pers\u00f6nlich bei uns.<\/p>\n<\/div><\/section><\/div><\/p>\n<div class=\"flex_column av_one_half  flex_column_div av-zero-column-padding   avia-builder-el-16  el_after_av_one_half  avia-builder-el-last  \" style='border-radius:0px; '><section class=\"av_textblock_section \"  itemscope=\"itemscope\" itemtype=\"https:\/\/schema.org\/CreativeWork\" ><div class='avia_textblock  '   itemprop=\"text\" ><h3 style=\"text-align: center;\">\u00c4sthetisch-Kosmetische Medizin.<\/h3>\n<p style=\"text-align: center;\"><em><strong>Wir bieten wirksame Behandlungsmethoden f\u00fcr ein sch\u00f6neres und attraktiveres Aussehen f\u00fcr Sie &amp; Ihn von Hyaluron \u00fcber Botox bis hin zur Anti-Aging Therapie.<\/strong><\/em><\/p>\n<p style=\"text-align: center;\">Durch unsere Gast\u00e4rztin (Chef\u00e4rztin in der Allgemeinmedizin) bieten wir Unterspritzungen mit Botox und Hyaluron-Filler (Falten &amp; Lippen) sowie Fadenlifting und Mesotherapien an (Mesotherapie ist eine Anti-Aging Behandlung f\u00fcr eine tiefe Hydratation und Ern\u00e4hrung der Haut mit essenzielen Substanzen, wie Hyaluron, Collagen, Aminos\u00e4uren, Vitaminen, Silizium u.s.w. f\u00fcr eine strahlende und verj\u00fcngte Haut). Ferner sind bei der \u00c4rztin weitere Behandlungen buchbar, wie zum Beispiel:<\/p>\n<p style=\"text-align: center;\">\u2022 Muskulaturstraffung durch chin. Akkupunktur \u2022 Lipolyse (Fett-Weg-Spritze) Unterspritzung etc.<\/p>\n<p style=\"text-align: center;\">Termine auf Anfrage!<\/p>\n<\/div><\/section><\/div>\n","protected":false},"excerpt":{"rendered":"","protected":false},"author":3,"featured_media":0,"parent":0,"menu_order":0,"comment_status":"closed","ping_status":"closed","template":"","meta":{"footnotes":""},"class_list":["post-1041","page","type-page","status-publish","hentry"],"yoast_head":"<!-- This site is optimized with the Yoast SEO plugin v27.5 - https:\/\/yoast.com\/product\/yoast-seo-wordpress\/ -->\n<title>XP.Cosmetics I Leistungen Preise XP.Cosmetics.<\/title>\n<meta name=\"description\" content=\"Wir verwenden ausschlie\u00dflich Produkte autorisierter Kosmetikinstitute. Sie w\u00fcnschen sich mehr Informationen zu unseren Kosmetiklinien?\" \/>\n<meta name=\"robots\" content=\"index, follow, max-snippet:-1, max-image-preview:large, max-video-preview:-1\" \/>\n<link rel=\"canonical\" href=\"https:\/\/xp-cosmetics.gr\/el\/leistungen-preise\/\" \/>\n<meta property=\"og:locale\" content=\"el_GR\" \/>\n<meta property=\"og:type\" content=\"article\" \/>\n<meta property=\"og:title\" content=\"XP.Cosmetics I Leistungen Preise XP.Cosmetics.\" \/>\n<meta property=\"og:description\" content=\"Wir verwenden ausschlie\u00dflich Produkte autorisierter Kosmetikinstitute. Sie w\u00fcnschen sich mehr Informationen zu unseren Kosmetiklinien?\" \/>\n<meta property=\"og:url\" content=\"https:\/\/xp-cosmetics.gr\/el\/leistungen-preise\/\" \/>\n<meta property=\"og:site_name\" content=\"xp-cosmetics.gr\" \/>\n<meta property=\"article:modified_time\" content=\"2024-10-06T10:14:47+00:00\" \/>\n<meta name=\"twitter:card\" content=\"summary_large_image\" \/>\n<meta name=\"twitter:label1\" content=\"\u0395\u03ba\u03c4\u03b9\u03bc\u03ce\u03bc\u03b5\u03bd\u03bf\u03c2 \u03c7\u03c1\u03cc\u03bd\u03bf\u03c2 \u03b1\u03bd\u03ac\u03b3\u03bd\u03c9\u03c3\u03b7\u03c2\" \/>\n\t<meta name=\"twitter:data1\" content=\"10 \u03bb\u03b5\u03c0\u03c4\u03ac\" \/>\n<script type=\"application\/ld+json\" class=\"yoast-schema-graph\">{\"@context\":\"https:\\\/\\\/schema.org\",\"@graph\":[{\"@type\":\"WebPage\",\"@id\":\"https:\\\/\\\/xp-cosmetics.gr\\\/el\\\/leistungen-preise\\\/\",\"url\":\"https:\\\/\\\/xp-cosmetics.gr\\\/el\\\/leistungen-preise\\\/\",\"name\":\"XP.Cosmetics I Leistungen Preise XP.Cosmetics.\",\"isPartOf\":{\"@id\":\"https:\\\/\\\/xp-cosmetics.de\\\/#website\"},\"datePublished\":\"2017-03-13T08:31:26+00:00\",\"dateModified\":\"2024-10-06T10:14:47+00:00\",\"description\":\"Wir verwenden ausschlie\u00dflich Produkte autorisierter Kosmetikinstitute. Sie w\u00fcnschen sich mehr Informationen zu unseren Kosmetiklinien?\",\"inLanguage\":\"el\",\"potentialAction\":[{\"@type\":\"ReadAction\",\"target\":[\"https:\\\/\\\/xp-cosmetics.gr\\\/el\\\/leistungen-preise\\\/\"]}]},{\"@type\":\"WebSite\",\"@id\":\"https:\\\/\\\/xp-cosmetics.de\\\/#website\",\"url\":\"https:\\\/\\\/xp-cosmetics.de\\\/\",\"name\":\"xp-cosmetics.gr\",\"description\":\"Herzlich willkommen bei XP.Cosmetics\",\"potentialAction\":[{\"@type\":\"SearchAction\",\"target\":{\"@type\":\"EntryPoint\",\"urlTemplate\":\"https:\\\/\\\/xp-cosmetics.de\\\/?s={search_term_string}\"},\"query-input\":{\"@type\":\"PropertyValueSpecification\",\"valueRequired\":true,\"valueName\":\"search_term_string\"}}],\"inLanguage\":\"el\"}]}<\/script>\n<!-- \/ Yoast SEO plugin. -->","yoast_head_json":{"title":"XP.Cosmetics I Leistungen Preise XP.Cosmetics.","description":"Wir verwenden ausschlie\u00dflich Produkte autorisierter Kosmetikinstitute. Sie w\u00fcnschen sich mehr Informationen zu unseren Kosmetiklinien?","robots":{"index":"index","follow":"follow","max-snippet":"max-snippet:-1","max-image-preview":"max-image-preview:large","max-video-preview":"max-video-preview:-1"},"canonical":"https:\/\/xp-cosmetics.gr\/el\/leistungen-preise\/","og_locale":"el_GR","og_type":"article","og_title":"XP.Cosmetics I Leistungen Preise XP.Cosmetics.","og_description":"Wir verwenden ausschlie\u00dflich Produkte autorisierter Kosmetikinstitute. Sie w\u00fcnschen sich mehr Informationen zu unseren Kosmetiklinien?","og_url":"https:\/\/xp-cosmetics.gr\/el\/leistungen-preise\/","og_site_name":"xp-cosmetics.gr","article_modified_time":"2024-10-06T10:14:47+00:00","twitter_card":"summary_large_image","twitter_misc":{"\u0395\u03ba\u03c4\u03b9\u03bc\u03ce\u03bc\u03b5\u03bd\u03bf\u03c2 \u03c7\u03c1\u03cc\u03bd\u03bf\u03c2 \u03b1\u03bd\u03ac\u03b3\u03bd\u03c9\u03c3\u03b7\u03c2":"10 \u03bb\u03b5\u03c0\u03c4\u03ac"},"schema":{"@context":"https:\/\/schema.org","@graph":[{"@type":"WebPage","@id":"https:\/\/xp-cosmetics.gr\/el\/leistungen-preise\/","url":"https:\/\/xp-cosmetics.gr\/el\/leistungen-preise\/","name":"XP.Cosmetics I Leistungen Preise XP.Cosmetics.","isPartOf":{"@id":"https:\/\/xp-cosmetics.de\/#website"},"datePublished":"2017-03-13T08:31:26+00:00","dateModified":"2024-10-06T10:14:47+00:00","description":"Wir verwenden ausschlie\u00dflich Produkte autorisierter Kosmetikinstitute. Sie w\u00fcnschen sich mehr Informationen zu unseren Kosmetiklinien?","inLanguage":"el","potentialAction":[{"@type":"ReadAction","target":["https:\/\/xp-cosmetics.gr\/el\/leistungen-preise\/"]}]},{"@type":"WebSite","@id":"https:\/\/xp-cosmetics.de\/#website","url":"https:\/\/xp-cosmetics.de\/","name":"xp-cosmetics.gr","description":"Herzlich willkommen bei XP.Cosmetics","potentialAction":[{"@type":"SearchAction","target":{"@type":"EntryPoint","urlTemplate":"https:\/\/xp-cosmetics.de\/?s={search_term_string}"},"query-input":{"@type":"PropertyValueSpecification","valueRequired":true,"valueName":"search_term_string"}}],"inLanguage":"el"}]}},"_links":{"self":[{"href":"https:\/\/xp-cosmetics.gr\/el\/wp-json\/wp\/v2\/pages\/1041","targetHints":{"allow":["GET"]}}],"collection":[{"href":"https:\/\/xp-cosmetics.gr\/el\/wp-json\/wp\/v2\/pages"}],"about":[{"href":"https:\/\/xp-cosmetics.gr\/el\/wp-json\/wp\/v2\/types\/page"}],"author":[{"embeddable":true,"href":"https:\/\/xp-cosmetics.gr\/el\/wp-json\/wp\/v2\/users\/3"}],"replies":[{"embeddable":true,"href":"https:\/\/xp-cosmetics.gr\/el\/wp-json\/wp\/v2\/comments?post=1041"}],"version-history":[{"count":0,"href":"https:\/\/xp-cosmetics.gr\/el\/wp-json\/wp\/v2\/pages\/1041\/revisions"}],"wp:attachment":[{"href":"https:\/\/xp-cosmetics.gr\/el\/wp-json\/wp\/v2\/media?parent=1041"}],"curies":[{"name":"wp","href":"https:\/\/api.w.org\/{rel}","templated":true}]}}